{"id":119,"date":"2025-03-19T18:29:45","date_gmt":"2025-03-19T18:29:45","guid":{"rendered":"https:\/\/naposta.org.ar\/?page_id=119"},"modified":"2025-03-19T18:31:15","modified_gmt":"2025-03-19T18:31:15","slug":"nota-del-ing-j-c-schefer","status":"publish","type":"page","link":"https:\/\/naposta.org.ar\/?page_id=119","title":{"rendered":"Nota del Ing. J. C. Schefer"},"content":{"rendered":"\t\t<div data-elementor-type=\"wp-page\" data-elementor-id=\"119\" class=\"elementor elementor-119\">\n\t\t\t\t<div class=\"elementor-element elementor-element-eb352cc e-flex e-con-boxed e-con e-parent\" data-id=\"eb352cc\" data-element_type=\"container\">\n\t\t\t\t\t<div class=\"e-con-inner\">\n\t\t\t\t<div class=\"elementor-element elementor-element-a0d426e elementor-widget elementor-widget-text-editor\" data-id=\"a0d426e\" data-element_type=\"widget\" data-widget_type=\"text-editor.default\">\n\t\t\t\t<div class=\"elementor-widget-container\">\n\t\t\t\t\t\t\t\t\t<p lang=\"es-ES\" align=\"RIGHT\">Bahia Blanca, 23 de abril de 2013<\/p><p lang=\"en-GB\">Seminario: \u201cEl Napost\u00e1 y su integraci\u00f3n a la din\u00e1mica urbana\u201d<br \/>Sr. Ing. Carlos Frank<br \/>S\/D<\/p><p lang=\"es-ES\" align=\"JUSTIFY\">Tengo el agrado de dirigirme a usted con referencia a la invitaci\u00f3n a participar al seminario:<span lang=\"es-AR\"><em><strong>El Napost\u00e1 y su integraci\u00f3n a la din\u00e1mica urbana<\/strong><\/em><\/span><span lang=\"es-AR\">. Al respecto y agradeciendo la invitaci\u00f3n manifiesto lamentar profundamente no poder asistir por motivos particulares.<\/span><\/p><p align=\"JUSTIFY\">As\u00ed mismo quiero expresarle mi benepl\u00e1cito por la preocupaci\u00f3n manifestada por llevar adelante la realizaci\u00f3n del seminario taller sobre un tema tan sensible como es de las mejoras en el uso del recurso, que lleva impl\u00edcita la protecci\u00f3n de la ciudad frente a futuras y posibles consecuencias hidrol\u00f3gicas por eventos clim\u00e1ticos en la misma y en cuencas h\u00eddricas adyacentes.<\/p><p align=\"JUSTIFY\">No escapa al conocimiento general de la ciudad, la posibilidad que tales eventos ocurran con consecuencias de suma gravedad, dado que ya ha ocurrido en \u00e9pocas pasadas y las soluciones adoptadas han sido parciales, mientras se decid\u00edan obras que permitiesen una mayor mitigaci\u00f3n de una onda de crecida, que provoque un desborde incontrolado del Napost\u00e1.<\/p><p align=\"JUSTIFY\">He hecho p\u00fablica en reiteradas ocasiones mi opini\u00f3n al respecto, sustentada en los informes realizados por la Direcci\u00f3n de Hidr\u00e1ulica de la Provincia, luego de la gran inundaci\u00f3n de la ciudad, por lluvias en la cuenca del Napost\u00e1 ocurridas el 6 y 7 de abril de 1944.<\/p><p lang=\"es-ES\" align=\"JUSTIFY\">A una probable inundaci\u00f3n, provocadas por lluvias en la cuenca del Napost\u00e1, debe sumarse la posibilidad que la lluvia tambi\u00e9n se produzca sobre la ciudad, agravando entonces los da\u00f1os, que hoy ser\u00edan mayores que lo ocurrido en el a\u00f1o 1944, porque el crecimiento de la ciudad, que ha incrementado sensiblemente el \u00e1rea impermeabilizada, no fue acompa\u00f1ada por un aumento proporcional de las v\u00edas de escurrimiento.<\/p><p lang=\"es-ES\" align=\"JUSTIFY\">Nunca existi\u00f3 una planificaci\u00f3n del manejo de las aguas como pol\u00edtica de estado. Es necesario contar con una planificaci\u00f3n que considere proyectos de mitigaci\u00f3n y manejo de las aguas, que puestos a consideraci\u00f3n de los organismos provinciales y nacionales, puedan encontrar financiaci\u00f3n para llevarlos a cabo. En tal sentido menciono la existencia del Fondo H\u00eddrico Nacional, que financiamos todos cuando cargamos combustible en nuestros veh\u00edculos.<\/p><p lang=\"es-ES\" align=\"JUSTIFY\">Frente al peligro de una intensa lluvia en la cuenca, el cauce del Napost\u00e1 en su paso por la ciudad, encuentra reducido al m\u00ednimo la posibilidad de escurrimiento de sus caudales, ya que la falta de planificaci\u00f3n ha hecho que se invadan las zonas de riesgo h\u00eddrico y peor a\u00fan, se lo ha limitado con su entubamiento. Ante el avance de la ciudad sobre \u00e1reas de escurrimiento del Napost\u00e1, no existe otra alternativa para mitigar los efectos devastadores de una inundaci\u00f3n, que su regulaci\u00f3n aguas arriba mediante un dique y embalse, que permita limitar la onda de crecida, mientras se descarga un caudal aguas abajo, compatible con la capacidad m\u00e1xima de evacuaci\u00f3n existente. (300 m3\/segundo sumando el Maldonado y el entubado).<\/p><p lang=\"es-ES\" align=\"JUSTIFY\">Creo que estas cuestiones a fuerza de ser reiterativas pueden llegar a estar en la agenda de una pol\u00edtica de estado, que responda a una planificaci\u00f3n conjunta de quienes est\u00e1n al frente del gobierno de la ciudad y de distintos actores de la comunidad, que no solo pueden hacer valiosos aportes, sino tambi\u00e9n contribuir a direccionar las acciones para mitigar los efectos de una cat\u00e1strofe, como la ocurrida estos d\u00edas en la ciudad de La Plata.<\/p><p lang=\"es-ES\" align=\"JUSTIFY\">Por ello resulta altamente ponderable la realizaci\u00f3n de \u00e9ste seminario que sin lugar a dudas fructificar\u00e1 en conclusiones que de ser tenidas en cuenta por los responsables de las pol\u00edticas de manejo h\u00eddrico urbano, atenuar\u00edan el impacto gravoso de un desborde descontrolado del Napost\u00e1.<\/p><p lang=\"es-ES\" align=\"JUSTIFY\">Sin otro particular hago propicia la oportunidad para saludarlo muy atentamente.<\/p><p lang=\"es-ES\" align=\"RIGHT\">Ing. J. C. Schefer<\/p>\t\t\t\t\t\t\t\t<\/div>\n\t\t\t\t<\/div>\n\t\t\t\t\t<\/div>\n\t\t\t\t<\/div>\n\t\t\t\t<\/div>\n\t\t","protected":false},"excerpt":{"rendered":"<p>Bahia Blanca, 23 de abril de 2013 Seminario: \u201cEl Napost\u00e1 y su integraci\u00f3n a la din\u00e1mica urbana\u201dSr. Ing. Carlos FrankS\/D [&hellip;]<\/p>\n","protected":false},"author":1,"featured_media":0,"parent":0,"menu_order":0,"comment_status":"closed","ping_status":"closed","template":"","meta":{"site-sidebar-layout":"no-sidebar","site-content-layout":"","ast-site-content-layout":"full-width-container","site-content-style":"default","site-sidebar-style":"default","ast-global-header-display":"","ast-banner-title-visibility":"","ast-main-header-display":"","ast-hfb-above-header-display":"","ast-hfb-below-header-display":"","ast-hfb-mobile-header-display":"","site-post-title":"disabled","ast-breadcrumbs-content":"","ast-featured-img":"disabled","footer-sml-layout":"","theme-transparent-header-meta":"","adv-header-id-meta":"","stick-header-meta":"","header-above-stick-meta":"","header-main-stick-meta":"","header-below-stick-meta":"","astra-migrate-meta-layouts":"default","ast-page-background-enabled":"default","ast-page-background-meta":{"desktop":{"background-color":"var(--ast-global-color-5)","background-image":"","background-repeat":"repeat","background-position":"center center","background-size":"auto","background-attachment":"scroll","background-type":"","background-media":"","overlay-type":"","overlay-color":"","overlay-opacity":"","overlay-gradient":""},"tablet":{"background-color":"","background-image":"","background-repeat":"repeat","background-position":"center center","background-size":"auto","background-attachment":"scroll","background-type":"","background-media":"","overlay-type":"","overlay-color":"","overlay-opacity":"","overlay-gradient":""},"mobile":{"background-color":"","background-image":"","background-repeat":"repeat","background-position":"center center","background-size":"auto","background-attachment":"scroll","background-type":"","background-media":"","overlay-type":"","overlay-color":"","overlay-opacity":"","overlay-gradient":""}},"ast-content-background-meta":{"desktop":{"background-color":"var(--ast-global-color-4)","background-image":"","background-repeat":"repeat","background-position":"center center","background-size":"auto","background-attachment":"scroll","background-type":"","background-media":"","overlay-type":"","overlay-color":"","overlay-opacity":"","overlay-gradient":""},"tablet":{"background-color":"var(--ast-global-color-4)","background-image":"","background-repeat":"repeat","background-position":"center center","background-size":"auto","background-attachment":"scroll","background-type":"","background-media":"","overlay-type":"","overlay-color":"","overlay-opacity":"","overlay-gradient":""},"mobile":{"background-color":"var(--ast-global-color-4)","background-image":"","background-repeat":"repeat","background-position":"center center","background-size":"auto","background-attachment":"scroll","background-type":"","background-media":"","overlay-type":"","overlay-color":"","overlay-opacity":"","overlay-gradient":""}},"footnotes":""},"class_list":["post-119","page","type-page","status-publish","hentry"],"_links":{"self":[{"href":"https:\/\/naposta.org.ar\/index.php?rest_route=\/wp\/v2\/pages\/119","targetHints":{"allow":["GET"]}}],"collection":[{"href":"https:\/\/naposta.org.ar\/index.php?rest_route=\/wp\/v2\/pages"}],"about":[{"href":"https:\/\/naposta.org.ar\/index.php?rest_route=\/wp\/v2\/types\/page"}],"author":[{"embeddable":true,"href":"https:\/\/naposta.org.ar\/index.php?rest_route=\/wp\/v2\/users\/1"}],"replies":[{"embeddable":true,"href":"https:\/\/naposta.org.ar\/index.php?rest_route=%2Fwp%2Fv2%2Fcomments&post=119"}],"version-history":[{"count":4,"href":"https:\/\/naposta.org.ar\/index.php?rest_route=\/wp\/v2\/pages\/119\/revisions"}],"predecessor-version":[{"id":123,"href":"https:\/\/naposta.org.ar\/index.php?rest_route=\/wp\/v2\/pages\/119\/revisions\/123"}],"wp:attachment":[{"href":"https:\/\/naposta.org.ar\/index.php?rest_route=%2Fwp%2Fv2%2Fmedia&parent=119"}],"curies":[{"name":"wp","href":"https:\/\/api.w.org\/{rel}","templated":true}]}}