{"id":146,"date":"2025-03-20T15:25:15","date_gmt":"2025-03-20T15:25:15","guid":{"rendered":"https:\/\/naposta.org.ar\/?page_id=146"},"modified":"2025-03-20T15:29:43","modified_gmt":"2025-03-20T15:29:43","slug":"arroyo-naposta-revalorizacion-e-integracion-a-la-dinamica-urbana-nota","status":"publish","type":"page","link":"https:\/\/naposta.org.ar\/?page_id=146","title":{"rendered":"Arroyo Napost\u00e1: Revalorizaci\u00f3n e integraci\u00f3n a la din\u00e1mica urbana (nota)"},"content":{"rendered":"\t\t<div data-elementor-type=\"wp-page\" data-elementor-id=\"146\" class=\"elementor elementor-146\">\n\t\t\t\t<div class=\"elementor-element elementor-element-10ed986 e-flex e-con-boxed e-con e-parent\" data-id=\"10ed986\" data-element_type=\"container\">\n\t\t\t\t\t<div class=\"e-con-inner\">\n\t\t\t\t<div class=\"elementor-element elementor-element-7f48c83 elementor-widget elementor-widget-text-editor\" data-id=\"7f48c83\" data-element_type=\"widget\" data-widget_type=\"text-editor.default\">\n\t\t\t\t<div class=\"elementor-widget-container\">\n\t\t\t\t\t\t\t\t\t<h3>Arroyo Napost\u00e1: Revalorizaci\u00f3n e integraci\u00f3n a la din\u00e1mica urbana<\/h3><div>martes, 6 de mayo de 2014<br \/><br \/><\/div><div><div>Por <em>Silvia Tonellotto<\/em><\/div><div><p>\u00a0\u00a0Recientemente se realiz\u00f3 en la sede de la UTN Facultad Regional Bah\u00eda Blanca la presentaci\u00f3n de una propuesta muy particular que no solamente pasa por la cuesti\u00f3n estrictamente urban\u00edstica, sino por una alternativa distinta de ver al arroyo Napost\u00e1. Un equipo de profesionales trabaj\u00f3 en este proyecto y PeR se contact\u00f3 con los ingenieros Carlos Frank y Mariana Gonz\u00e1lez.\u00a0<\/p><p>PeR: En esta propuesta que se realiz\u00f3 hay una especie de primera presentaci\u00f3n en grupo ante aquellos que no estaban al tanto de los detalles del proyecto?\u00a0<br \/>C.F.: Este proyecto no tiene aristas novedosas desde el punto de vista de los estudios ni del conocimiento que se tiene del arroyo sino lo que se pretendi\u00f3 hacer esta vez, a diferencia de nuestro anterior seminario, fue la compilaci\u00f3n de informaci\u00f3n existente. El a\u00f1o pasado se realiz\u00f3 un peque\u00f1o resumen del estudio que fue hecho en el marco de un proyecto dentro de la Facultad de la UTN en conjunto con universidades de otros pa\u00ecses y con un soporte de la Agencia Europea.\u00a0<br \/>Ahora se gener\u00f3 un documento que incluye trabajos previos no solo de las c\u00e1tedras de la Facultad de la UTN sino de una serie de actividades anteriores. Es asombroso ver la cantidad de trabajos hechos en las universidades locales y en los Organismos Oficiales sobre un recurso como el Napost\u00e1. La idea tiene de novedosa tratar de dejar de suponer que si algo va a cambiar en el contexto en el que nos manejamos en la relaci\u00f3n entre la ciudad y el arroyo y sus posibilidades, sea decidida por otros que no sean la propia ciudadan\u00eda. Por eso, esta convocatoria incluy\u00f3 a integrantes del Concejo Deliberante, a los secretarios de Gobierno Abierto y de Medio Ambiente por el Ejecutivo, profesionales de la UNS que tienen que ver con nuestro trabajo y tambi\u00e9n de diversas Organizaciones Civiles que tienen relaci\u00f3n con esto.\u00a0<br \/>As\u00ed es que lo novedoso es que busquemos formas de participaci\u00f3n para tratar de cambiar la relaci\u00f3n existente entre el curso de agua y la ciudad.\u00a0<br \/>PeR: Se demuestra en esta ocasi\u00f3n que los vecinos pasan cerca del arroyo pero muchas veces no notan que est\u00e1. Y dentro de los aspectos presentados est\u00e1 tambi\u00e9n la cuesti\u00f3n de tierras. \u00bfCon el control y la regulaci\u00f3n de las aguas se podr\u00eda llegar a pensar en la incorporaci\u00f3n de hect\u00e1reas en un futuro?\u00a0<br \/>C.F.: La forma de mirar el tema de las tierras libres tiene que ver con que esto est\u00e1 o no est\u00e1 construido, por lo tanto, lo que no est\u00e1 construido est\u00e1 disponible. Y la presentaci\u00f3n estuvo enmarcada m\u00e1s que nada en evitar que la presi\u00f3n inmobiliaria permita que se utilicen tierras en la zona inundable del valle del Napost\u00e1 no solo por una cuesti\u00f3n de uso recreacional, de desarrollo o de tener un valle atractivo para la ciudad, sino desde el punto de vista ingenieril y sanitario. Es riesgoso construir en un lugar que se pueda inundar porque ni bien esto pase todas las aguas servidas formar\u00e1n parte de ese arroyo que va por toda la ciudad.\u00a0<\/p><p>PeR: Se habl\u00f3 de etapas o sectores a lo largo del recorrido y se plante\u00f3 tomarlo por tramos para realizar distintos tipos de intervenciones (desde Pueste Canessa hasta la Carrindanga, de la Carrindanga hasta el Parque, etc).\u00a0<br \/>M.G.: Este estudio surge de la compilaci\u00f3n de distintos estudios que se hicieron desde una c\u00e1tedra de la Facultad y de all\u00ed, esto de tomar una parte del Napost\u00e1 en su reccorido por la ciudad. Separarlo en 3 tramos tiene que ver con una cuesti\u00f3n de metodolog\u00eda aplicada durante ese trabajo y s\u00ed es cierto que algunas de las propuestas son totalmente viables desde el punto de vista econ\u00f3mico, lo que tratamos de hacer hincapi\u00e9 en este encuentro es intentar la participaci\u00f3n de la comunidad respecto de la sugerencia de alternativas a ser evaluadas.\u00a0<\/p><p>PeR: Se expuso tambi\u00e9n la posibilidad de contar con nuevos espacios en la ciudad visto como \u00e1reas verdes de encuentro, para compartir. \u00bfEs posible llegar a concretarlo desde lo local o necesariamente habr\u00eda que tener una decisi\u00f3n a otros niveles?\u00a0<br \/>C.F.: La cuesti\u00f3n de las jurisdicciones es una de las mejores herramientas para poner excusas en cualquier parte para no hacer nada. En los temas ambientales eso es particularmente peligroso porque ha producido en la historia de Bah\u00eda Blanca y de otros lugares, que alguien pueda manifestar que esa no es su \u00e1rea y que no puede intervenir, que esta es una zona que del alambrado para all\u00e1 es de la Provincia y lo otro es de la Naci\u00f3n, etc. Hay uno de esos viejos dichos que los ambientalistas tienen y es que la contaminaci\u00f3n se produce, se sufre y se soluciona en los entornos que est\u00e1n alrededor de esos problemas. Cierto es que justamente no hay fronteras en esos temas. Pero volviendo a esta cuesti\u00f3n de que si hay que recurrir a La Plata o a Buenos Aires, eso tiene que ver con c\u00f3mo estamos manejando las chequeras en la Argentina, pero sin dudas lo que hay que lograr es que eso forme parte de lo que mucha gente da en llamar, especialmente cuando se trata de fijar alguna posici\u00f3n, pol\u00edticas de estado. Significan cuestiones que se consideran centrales pero sobre las cuales hay acuerdos m\u00ednimos para avanzar, independientemente de cu\u00e1l es el color pol\u00edtico que gobierna determinadas \u00e1reas.\u00a0<br \/>Somos concientes del nivel de importancia, porque no estamos hablando de la construcci\u00f3n de un Hospital ni de alguna emergencia particular, s\u00ed hablamos de cosas tan importantes como que la ciudad puede inundarse o que los ni\u00f1os que viven en departamentos puedan ir a un lugar verde o puedan hacer canotaje en un curso de agua, porque eso forma parte de c\u00f3mo vivimos. Entonces para lograr eso suponemos que la apertura con los medios y con el resto de las entidades , la apertura en la forma de trabajar para llevar adelante el proyecto esperamos nosotros que sea lo que garantice la continuidad m\u00e1s all\u00e1 de cualquier per\u00edodo de la pol\u00edtica argentina.\u00a0<\/p><p>PeR: Los vecinos est\u00e1n \u00e1vidos de tener lugares espaciosos, verdes, donde poder disfrutar y seguramente la intenci\u00f3n es canalizar esto a trav\u00e9s de las instituciones para llegar a los vecinos.\u00a0<br \/>CF: De hecho se muestra cada vez que se habilita algo. El Paso Vanoli ni bien se habilit\u00f3 y se puso algo verde y se pusieron algunos juegos, hoy en cualquier horario hay gente, hay chicos, y adem\u00e1s la cercan\u00eda con el agua creo que resulta un atractivo especial.\u00a0<\/p><p>La agenda est\u00e1 siendo establecida en esta primera etapa del a\u00f1o, por lo que se convocar\u00e1n en breve a nuevos encuentros participativos.<\/p><\/div><div>Mientras tanto, puede seguirse el proyecto a trav\u00e9s de la p\u00e1gina\u00a0<a href=\"http:\/\/www.naposta.org.ar\/\">http:\/\/www.naposta.org.ar<\/a><\/div><div>\u00a0<\/div><div>Fuente:\u00a0<a href=\"http:\/\/periodismoenredaccion.blogspot.com\/2014\/05\/arroyo-naposta-revalorizacion-e.html\">http:\/\/periodismoenredaccion.blogspot.com\/2014\/05\/arroyo-naposta-revalorizacion-e.html<\/a><\/div><\/div>\t\t\t\t\t\t\t\t<\/div>\n\t\t\t\t<\/div>\n\t\t\t\t\t<\/div>\n\t\t\t\t<\/div>\n\t\t\t\t<\/div>\n\t\t","protected":false},"excerpt":{"rendered":"<p>Arroyo Napost\u00e1: Revalorizaci\u00f3n e integraci\u00f3n a la din\u00e1mica urbana martes, 6 de mayo de 2014 Por Silvia Tonellotto \u00a0\u00a0Recientemente se [&hellip;]<\/p>\n","protected":false},"author":1,"featured_media":0,"parent":0,"menu_order":0,"comment_status":"closed","ping_status":"closed","template":"","meta":{"site-sidebar-layout":"no-sidebar","site-content-layout":"","ast-site-content-layout":"full-width-container","site-content-style":"default","site-sidebar-style":"default","ast-global-header-display":"","ast-banner-title-visibility":"","ast-main-header-display":"","ast-hfb-above-header-display":"","ast-hfb-below-header-display":"","ast-hfb-mobile-header-display":"","site-post-title":"disabled","ast-breadcrumbs-content":"","ast-featured-img":"disabled","footer-sml-layout":"","theme-transparent-header-meta":"","adv-header-id-meta":"","stick-header-meta":"","header-above-stick-meta":"","header-main-stick-meta":"","header-below-stick-meta":"","astra-migrate-meta-layouts":"default","ast-page-background-enabled":"default","ast-page-background-meta":{"desktop":{"background-color":"var(--ast-global-color-5)","background-image":"","background-repeat":"repeat","background-position":"center center","background-size":"auto","background-attachment":"scroll","background-type":"","background-media":"","overlay-type":"","overlay-color":"","overlay-opacity":"","overlay-gradient":""},"tablet":{"background-color":"","background-image":"","background-repeat":"repeat","background-position":"center center","background-size":"auto","background-attachment":"scroll","background-type":"","background-media":"","overlay-type":"","overlay-color":"","overlay-opacity":"","overlay-gradient":""},"mobile":{"background-color":"","background-image":"","background-repeat":"repeat","background-position":"center center","background-size":"auto","background-attachment":"scroll","background-type":"","background-media":"","overlay-type":"","overlay-color":"","overlay-opacity":"","overlay-gradient":""}},"ast-content-background-meta":{"desktop":{"background-color":"var(--ast-global-color-4)","background-image":"","background-repeat":"repeat","background-position":"center center","background-size":"auto","background-attachment":"scroll","background-type":"","background-media":"","overlay-type":"","overlay-color":"","overlay-opacity":"","overlay-gradient":""},"tablet":{"background-color":"var(--ast-global-color-4)","background-image":"","background-repeat":"repeat","background-position":"center center","background-size":"auto","background-attachment":"scroll","background-type":"","background-media":"","overlay-type":"","overlay-color":"","overlay-opacity":"","overlay-gradient":""},"mobile":{"background-color":"var(--ast-global-color-4)","background-image":"","background-repeat":"repeat","background-position":"center center","background-size":"auto","background-attachment":"scroll","background-type":"","background-media":"","overlay-type":"","overlay-color":"","overlay-opacity":"","overlay-gradient":""}},"footnotes":""},"class_list":["post-146","page","type-page","status-publish","hentry"],"_links":{"self":[{"href":"https:\/\/naposta.org.ar\/index.php?rest_route=\/wp\/v2\/pages\/146","targetHints":{"allow":["GET"]}}],"collection":[{"href":"https:\/\/naposta.org.ar\/index.php?rest_route=\/wp\/v2\/pages"}],"about":[{"href":"https:\/\/naposta.org.ar\/index.php?rest_route=\/wp\/v2\/types\/page"}],"author":[{"embeddable":true,"href":"https:\/\/naposta.org.ar\/index.php?rest_route=\/wp\/v2\/users\/1"}],"replies":[{"embeddable":true,"href":"https:\/\/naposta.org.ar\/index.php?rest_route=%2Fwp%2Fv2%2Fcomments&post=146"}],"version-history":[{"count":7,"href":"https:\/\/naposta.org.ar\/index.php?rest_route=\/wp\/v2\/pages\/146\/revisions"}],"predecessor-version":[{"id":153,"href":"https:\/\/naposta.org.ar\/index.php?rest_route=\/wp\/v2\/pages\/146\/revisions\/153"}],"wp:attachment":[{"href":"https:\/\/naposta.org.ar\/index.php?rest_route=%2Fwp%2Fv2%2Fmedia&parent=146"}],"curies":[{"name":"wp","href":"https:\/\/api.w.org\/{rel}","templated":true}]}}