{"id":16,"date":"2025-03-17T14:49:36","date_gmt":"2025-03-17T14:49:36","guid":{"rendered":"https:\/\/naposta.org.ar\/?page_id=16"},"modified":"2025-03-17T14:53:27","modified_gmt":"2025-03-17T14:53:27","slug":"zona-de-estudio-cuenca-inferior","status":"publish","type":"page","link":"https:\/\/naposta.org.ar\/?page_id=16","title":{"rendered":"ZONA DE ESTUDIO &#8211; Cuenca Inferior:"},"content":{"rendered":"\t\t<div data-elementor-type=\"wp-page\" data-elementor-id=\"16\" class=\"elementor elementor-16\">\n\t\t\t\t<div class=\"elementor-element elementor-element-1c1974d e-flex e-con-boxed e-con e-parent\" data-id=\"1c1974d\" data-element_type=\"container\">\n\t\t\t\t\t<div class=\"e-con-inner\">\n\t\t\t\t<div class=\"elementor-element elementor-element-22e4a40 elementor-widget elementor-widget-text-editor\" data-id=\"22e4a40\" data-element_type=\"widget\" data-widget_type=\"text-editor.default\">\n\t\t\t\t<div class=\"elementor-widget-container\">\n\t\t\t\t\t\t\t\t\t<p>El Arroyo Napost\u00e1 Grande atraviesa la ciudad de Bah\u00eda Blanca en direcci\u00f3n Norte-Sur y es por lo tanto un elemento significativo de la misma. A pesar de ello, la realidad indica que su presencia no ha sido tenida en cuenta en forma integral en el planeamiento urbano, lo cual ha provocado conflictos en la vida de la ciudad y cualquier acci\u00f3n que se pretenda llevar a cabo en el futuro requiere de un estudio global, para no empeorar la situaci\u00f3n de las \u00e1reas afectadas por el arroyo y permitir adem\u00e1s su revalorizaci\u00f3n.<\/p>\t\t\t\t\t\t\t\t<\/div>\n\t\t\t\t<\/div>\n\t\t\t\t\t<\/div>\n\t\t\t\t<\/div>\n\t\t<div class=\"elementor-element elementor-element-1515388 e-flex e-con-boxed e-con e-parent\" data-id=\"1515388\" data-element_type=\"container\">\n\t\t\t\t\t<div class=\"e-con-inner\">\n\t\t<div class=\"elementor-element elementor-element-15cfaf0 e-con-full e-flex e-con e-child\" data-id=\"15cfaf0\" data-element_type=\"container\">\n\t\t\t\t<div class=\"elementor-element elementor-element-8f390da elementor-widget elementor-widget-image\" data-id=\"8f390da\" data-element_type=\"widget\" data-widget_type=\"image.default\">\n\t\t\t\t<div class=\"elementor-widget-container\">\n\t\t\t\t\t\t\t\t\t\t\t\t\t\t\t<img fetchpriority=\"high\" decoding=\"async\" width=\"499\" height=\"605\" src=\"https:\/\/naposta.org.ar\/wp-content\/uploads\/2025\/03\/zona.png\" class=\"attachment-large size-large wp-image-18\" alt=\"\" srcset=\"https:\/\/naposta.org.ar\/wp-content\/uploads\/2025\/03\/zona.png 499w, https:\/\/naposta.org.ar\/wp-content\/uploads\/2025\/03\/zona-247x300.png 247w\" sizes=\"(max-width: 499px) 100vw, 499px\" \/>\t\t\t\t\t\t\t\t\t\t\t\t\t\t\t<\/div>\n\t\t\t\t<\/div>\n\t\t\t\t<\/div>\n\t\t<div class=\"elementor-element elementor-element-6be63ed e-con-full e-flex e-con e-child\" data-id=\"6be63ed\" data-element_type=\"container\">\n\t\t\t\t<div class=\"elementor-element elementor-element-0994758 elementor-widget elementor-widget-image\" data-id=\"0994758\" data-element_type=\"widget\" data-widget_type=\"image.default\">\n\t\t\t\t<div class=\"elementor-widget-container\">\n\t\t\t\t\t\t\t\t\t\t\t\t\t\t\t<img decoding=\"async\" width=\"950\" height=\"631\" src=\"https:\/\/naposta.org.ar\/wp-content\/uploads\/2025\/03\/zona1.jpg\" class=\"attachment-large size-large wp-image-19\" alt=\"\" srcset=\"https:\/\/naposta.org.ar\/wp-content\/uploads\/2025\/03\/zona1.jpg 950w, https:\/\/naposta.org.ar\/wp-content\/uploads\/2025\/03\/zona1-300x199.jpg 300w, https:\/\/naposta.org.ar\/wp-content\/uploads\/2025\/03\/zona1-768x510.jpg 768w\" sizes=\"(max-width: 950px) 100vw, 950px\" \/>\t\t\t\t\t\t\t\t\t\t\t\t\t\t\t<\/div>\n\t\t\t\t<\/div>\n\t\t\t\t<\/div>\n\t\t\t\t\t<\/div>\n\t\t\t\t<\/div>\n\t\t\t\t<\/div>\n\t\t","protected":false},"excerpt":{"rendered":"<p>El Arroyo Napost\u00e1 Grande atraviesa la ciudad de Bah\u00eda Blanca en direcci\u00f3n Norte-Sur y es por lo tanto un elemento [&hellip;]<\/p>\n","protected":false},"author":1,"featured_media":0,"parent":0,"menu_order":0,"comment_status":"closed","ping_status":"closed","template":"","meta":{"site-sidebar-layout":"no-sidebar","site-content-layout":"","ast-site-content-layout":"full-width-container","site-content-style":"default","site-sidebar-style":"default","ast-global-header-display":"","ast-banner-title-visibility":"","ast-main-header-display":"","ast-hfb-above-header-display":"","ast-hfb-below-header-display":"","ast-hfb-mobile-header-display":"","site-post-title":"disabled","ast-breadcrumbs-content":"","ast-featured-img":"disabled","footer-sml-layout":"","theme-transparent-header-meta":"","adv-header-id-meta":"","stick-header-meta":"","header-above-stick-meta":"","header-main-stick-meta":"","header-below-stick-meta":"","astra-migrate-meta-layouts":"default","ast-page-background-enabled":"default","ast-page-background-meta":{"desktop":{"background-color":"var(--ast-global-color-5)","background-image":"","background-repeat":"repeat","background-position":"center center","background-size":"auto","background-attachment":"scroll","background-type":"","background-media":"","overlay-type":"","overlay-color":"","overlay-opacity":"","overlay-gradient":""},"tablet":{"background-color":"","background-image":"","background-repeat":"repeat","background-position":"center center","background-size":"auto","background-attachment":"scroll","background-type":"","background-media":"","overlay-type":"","overlay-color":"","overlay-opacity":"","overlay-gradient":""},"mobile":{"background-color":"","background-image":"","background-repeat":"repeat","background-position":"center center","background-size":"auto","background-attachment":"scroll","background-type":"","background-media":"","overlay-type":"","overlay-color":"","overlay-opacity":"","overlay-gradient":""}},"ast-content-background-meta":{"desktop":{"background-color":"var(--ast-global-color-4)","background-image":"","background-repeat":"repeat","background-position":"center center","background-size":"auto","background-attachment":"scroll","background-type":"","background-media":"","overlay-type":"","overlay-color":"","overlay-opacity":"","overlay-gradient":""},"tablet":{"background-color":"var(--ast-global-color-4)","background-image":"","background-repeat":"repeat","background-position":"center center","background-size":"auto","background-attachment":"scroll","background-type":"","background-media":"","overlay-type":"","overlay-color":"","overlay-opacity":"","overlay-gradient":""},"mobile":{"background-color":"var(--ast-global-color-4)","background-image":"","background-repeat":"repeat","background-position":"center center","background-size":"auto","background-attachment":"scroll","background-type":"","background-media":"","overlay-type":"","overlay-color":"","overlay-opacity":"","overlay-gradient":""}},"footnotes":""},"class_list":["post-16","page","type-page","status-publish","hentry"],"_links":{"self":[{"href":"https:\/\/naposta.org.ar\/index.php?rest_route=\/wp\/v2\/pages\/16","targetHints":{"allow":["GET"]}}],"collection":[{"href":"https:\/\/naposta.org.ar\/index.php?rest_route=\/wp\/v2\/pages"}],"about":[{"href":"https:\/\/naposta.org.ar\/index.php?rest_route=\/wp\/v2\/types\/page"}],"author":[{"embeddable":true,"href":"https:\/\/naposta.org.ar\/index.php?rest_route=\/wp\/v2\/users\/1"}],"replies":[{"embeddable":true,"href":"https:\/\/naposta.org.ar\/index.php?rest_route=%2Fwp%2Fv2%2Fcomments&post=16"}],"version-history":[{"count":4,"href":"https:\/\/naposta.org.ar\/index.php?rest_route=\/wp\/v2\/pages\/16\/revisions"}],"predecessor-version":[{"id":22,"href":"https:\/\/naposta.org.ar\/index.php?rest_route=\/wp\/v2\/pages\/16\/revisions\/22"}],"wp:attachment":[{"href":"https:\/\/naposta.org.ar\/index.php?rest_route=%2Fwp%2Fv2%2Fmedia&parent=16"}],"curies":[{"name":"wp","href":"https:\/\/api.w.org\/{rel}","templated":true}]}}