{"id":23,"date":"2025-03-17T14:57:27","date_gmt":"2025-03-17T14:57:27","guid":{"rendered":"https:\/\/naposta.org.ar\/?page_id=23"},"modified":"2025-03-17T15:01:41","modified_gmt":"2025-03-17T15:01:41","slug":"las-inundaciones-de-1933-y-1944","status":"publish","type":"page","link":"https:\/\/naposta.org.ar\/?page_id=23","title":{"rendered":"Las inundaciones de 1933 y 1944"},"content":{"rendered":"\t\t<div data-elementor-type=\"wp-page\" data-elementor-id=\"23\" class=\"elementor elementor-23\">\n\t\t\t\t<div class=\"elementor-element elementor-element-bf9ad0d e-flex e-con-boxed e-con e-parent\" data-id=\"bf9ad0d\" data-element_type=\"container\">\n\t\t\t\t\t<div class=\"e-con-inner\">\n\t\t\t\t<div class=\"elementor-element elementor-element-f324c68 elementor-widget elementor-widget-text-editor\" data-id=\"f324c68\" data-element_type=\"widget\" data-widget_type=\"text-editor.default\">\n\t\t\t\t<div class=\"elementor-widget-container\">\n\t\t\t\t\t\t\t\t\t<p>Las fuertes crecidas del Arroyo en los a\u00f1os 1933 y 1944 dejaron un manto de desconsuelo y temor en la ciudad dado que se tuvieron que lamentar p\u00e9rdidas de vidas humanas debido a gente que fue arrastrada por la corriente, algunos desaparecidos, e importantes da\u00f1os materiales.<\/p><p>En las im\u00e1genes se muestran las fotos de la inundaci\u00f3n publicadas por el diario La Nueva Provincia en su edici\u00f3n del 20 de marzo de 1933.<\/p><p>Esta situaci\u00f3n motiv\u00f3 a la direcci\u00f3n de hidr\u00e1ulica de la provincia a replantear el problema de las defensas de la ciudad, que luego de un estudio de los t\u00e9cnicos de la repartici\u00f3n, se estableci\u00f3 que para la soluci\u00f3n definitiva se deber\u00edan encarar tres obras:<\/p><ol><li>Aumento de la capacidad del Arroyo Napost\u00e1 desde su entrada a la ciudad en el Parque de Mayo y desviaci\u00f3n de una gran parte de su canal de crecidas hacia el Arroyo Maldonado, cuya capacidad deber\u00e1 ser notablemente incrementada<\/li><li>Retenci\u00f3n de las crecientes de la cuenca superior y media por medio de un embalse ubicado posiblemente en puente Canesa.<\/li><li>Obras de desagues locales en la ciudad y villas pr\u00f3ximas, ya que muchas inundaciones son ocasionadas por precipitaciones locales a estas zonas.<\/li><\/ol>\t\t\t\t\t\t\t\t<\/div>\n\t\t\t\t<\/div>\n\t\t\t\t\t<\/div>\n\t\t\t\t<\/div>\n\t\t<div class=\"elementor-element elementor-element-ebb11cd e-flex e-con-boxed e-con e-parent\" data-id=\"ebb11cd\" data-element_type=\"container\">\n\t\t\t\t\t<div class=\"e-con-inner\">\n\t\t<div class=\"elementor-element elementor-element-b786e35 e-con-full e-flex e-con e-child\" data-id=\"b786e35\" data-element_type=\"container\">\n\t\t\t\t<div class=\"elementor-element elementor-element-b5fbbc2 elementor-widget elementor-widget-image\" data-id=\"b5fbbc2\" data-element_type=\"widget\" data-widget_type=\"image.default\">\n\t\t\t\t<div class=\"elementor-widget-container\">\n\t\t\t\t\t\t\t\t\t\t\t\t\t\t\t<img fetchpriority=\"high\" decoding=\"async\" width=\"586\" height=\"346\" src=\"https:\/\/naposta.org.ar\/wp-content\/uploads\/2025\/03\/inundaciones.gif\" class=\"attachment-large size-large wp-image-25\" alt=\"\" \/>\t\t\t\t\t\t\t\t\t\t\t\t\t\t\t<\/div>\n\t\t\t\t<\/div>\n\t\t\t\t<\/div>\n\t\t<div class=\"elementor-element elementor-element-de78b30 e-con-full e-flex e-con e-child\" data-id=\"de78b30\" data-element_type=\"container\">\n\t\t\t\t<div class=\"elementor-element elementor-element-45f3743 elementor-widget elementor-widget-image\" data-id=\"45f3743\" data-element_type=\"widget\" data-widget_type=\"image.default\">\n\t\t\t\t<div class=\"elementor-widget-container\">\n\t\t\t\t\t\t\t\t\t\t\t\t\t\t\t<img decoding=\"async\" width=\"587\" height=\"316\" src=\"https:\/\/naposta.org.ar\/wp-content\/uploads\/2025\/03\/inundaciones1.gif\" class=\"attachment-large size-large wp-image-26\" alt=\"\" \/>\t\t\t\t\t\t\t\t\t\t\t\t\t\t\t<\/div>\n\t\t\t\t<\/div>\n\t\t\t\t<\/div>\n\t\t<div class=\"elementor-element elementor-element-b42481b e-con-full e-flex e-con e-child\" data-id=\"b42481b\" data-element_type=\"container\">\n\t\t\t\t<div class=\"elementor-element elementor-element-0403bb3 elementor-widget elementor-widget-image\" data-id=\"0403bb3\" data-element_type=\"widget\" data-widget_type=\"image.default\">\n\t\t\t\t<div class=\"elementor-widget-container\">\n\t\t\t\t\t\t\t\t\t\t\t\t\t\t\t<img decoding=\"async\" width=\"583\" height=\"324\" src=\"https:\/\/naposta.org.ar\/wp-content\/uploads\/2025\/03\/inundaciones2.gif\" class=\"attachment-large size-large wp-image-27\" alt=\"\" \/>\t\t\t\t\t\t\t\t\t\t\t\t\t\t\t<\/div>\n\t\t\t\t<\/div>\n\t\t\t\t<\/div>\n\t\t<div class=\"elementor-element elementor-element-e1dfbf1 e-con-full e-flex e-con e-child\" data-id=\"e1dfbf1\" data-element_type=\"container\">\n\t\t\t\t<div class=\"elementor-element elementor-element-b4cb44c elementor-widget elementor-widget-image\" data-id=\"b4cb44c\" data-element_type=\"widget\" data-widget_type=\"image.default\">\n\t\t\t\t<div class=\"elementor-widget-container\">\n\t\t\t\t\t\t\t\t\t\t\t\t\t\t\t<img loading=\"lazy\" decoding=\"async\" width=\"566\" height=\"325\" src=\"https:\/\/naposta.org.ar\/wp-content\/uploads\/2025\/03\/inundaciones4.gif\" class=\"attachment-large size-large wp-image-29\" alt=\"\" \/>\t\t\t\t\t\t\t\t\t\t\t\t\t\t\t<\/div>\n\t\t\t\t<\/div>\n\t\t\t\t<\/div>\n\t\t\t\t\t<\/div>\n\t\t\t\t<\/div>\n\t\t<div class=\"elementor-element elementor-element-ab5d692 e-flex e-con-boxed e-con e-parent\" data-id=\"ab5d692\" data-element_type=\"container\">\n\t\t\t\t\t<div class=\"e-con-inner\">\n\t\t<div class=\"elementor-element elementor-element-8e9e017 e-con-full e-flex e-con e-child\" data-id=\"8e9e017\" data-element_type=\"container\">\n\t\t\t\t<div class=\"elementor-element elementor-element-8af94ca elementor-widget elementor-widget-image\" data-id=\"8af94ca\" data-element_type=\"widget\" data-widget_type=\"image.default\">\n\t\t\t\t<div class=\"elementor-widget-container\">\n\t\t\t\t\t\t\t\t\t\t\t\t\t\t\t<img loading=\"lazy\" decoding=\"async\" width=\"565\" height=\"217\" src=\"https:\/\/naposta.org.ar\/wp-content\/uploads\/2025\/03\/inundaciones5.gif\" class=\"attachment-large size-large wp-image-30\" alt=\"\" \/>\t\t\t\t\t\t\t\t\t\t\t\t\t\t\t<\/div>\n\t\t\t\t<\/div>\n\t\t\t\t<\/div>\n\t\t<div class=\"elementor-element elementor-element-487e7ed e-con-full e-flex e-con e-child\" data-id=\"487e7ed\" data-element_type=\"container\">\n\t\t\t\t<\/div>\n\t\t<div class=\"elementor-element elementor-element-603d445 e-con-full e-flex e-con e-child\" data-id=\"603d445\" data-element_type=\"container\">\n\t\t\t\t<\/div>\n\t\t<div class=\"elementor-element elementor-element-1d00c77 e-con-full e-flex e-con e-child\" data-id=\"1d00c77\" data-element_type=\"container\">\n\t\t\t\t<\/div>\n\t\t\t\t\t<\/div>\n\t\t\t\t<\/div>\n\t\t\t\t<\/div>\n\t\t","protected":false},"excerpt":{"rendered":"<p>Las fuertes crecidas del Arroyo en los a\u00f1os 1933 y 1944 dejaron un manto de desconsuelo y temor en la [&hellip;]<\/p>\n","protected":false},"author":1,"featured_media":0,"parent":0,"menu_order":0,"comment_status":"closed","ping_status":"closed","template":"","meta":{"site-sidebar-layout":"no-sidebar","site-content-layout":"","ast-site-content-layout":"full-width-container","site-content-style":"default","site-sidebar-style":"default","ast-global-header-display":"","ast-banner-title-visibility":"","ast-main-header-display":"","ast-hfb-above-header-display":"","ast-hfb-below-header-display":"","ast-hfb-mobile-header-display":"","site-post-title":"disabled","ast-breadcrumbs-content":"","ast-featured-img":"disabled","footer-sml-layout":"","theme-transparent-header-meta":"","adv-header-id-meta":"","stick-header-meta":"","header-above-stick-meta":"","header-main-stick-meta":"","header-below-stick-meta":"","astra-migrate-meta-layouts":"default","ast-page-background-enabled":"default","ast-page-background-meta":{"desktop":{"background-color":"var(--ast-global-color-5)","background-image":"","background-repeat":"repeat","background-position":"center center","background-size":"auto","background-attachment":"scroll","background-type":"","background-media":"","overlay-type":"","overlay-color":"","overlay-opacity":"","overlay-gradient":""},"tablet":{"background-color":"","background-image":"","background-repeat":"repeat","background-position":"center center","background-size":"auto","background-attachment":"scroll","background-type":"","background-media":"","overlay-type":"","overlay-color":"","overlay-opacity":"","overlay-gradient":""},"mobile":{"background-color":"","background-image":"","background-repeat":"repeat","background-position":"center center","background-size":"auto","background-attachment":"scroll","background-type":"","background-media":"","overlay-type":"","overlay-color":"","overlay-opacity":"","overlay-gradient":""}},"ast-content-background-meta":{"desktop":{"background-color":"var(--ast-global-color-4)","background-image":"","background-repeat":"repeat","background-position":"center center","background-size":"auto","background-attachment":"scroll","background-type":"","background-media":"","overlay-type":"","overlay-color":"","overlay-opacity":"","overlay-gradient":""},"tablet":{"background-color":"var(--ast-global-color-4)","background-image":"","background-repeat":"repeat","background-position":"center center","background-size":"auto","background-attachment":"scroll","background-type":"","background-media":"","overlay-type":"","overlay-color":"","overlay-opacity":"","overlay-gradient":""},"mobile":{"background-color":"var(--ast-global-color-4)","background-image":"","background-repeat":"repeat","background-position":"center center","background-size":"auto","background-attachment":"scroll","background-type":"","background-media":"","overlay-type":"","overlay-color":"","overlay-opacity":"","overlay-gradient":""}},"footnotes":""},"class_list":["post-23","page","type-page","status-publish","hentry"],"_links":{"self":[{"href":"https:\/\/naposta.org.ar\/index.php?rest_route=\/wp\/v2\/pages\/23","targetHints":{"allow":["GET"]}}],"collection":[{"href":"https:\/\/naposta.org.ar\/index.php?rest_route=\/wp\/v2\/pages"}],"about":[{"href":"https:\/\/naposta.org.ar\/index.php?rest_route=\/wp\/v2\/types\/page"}],"author":[{"embeddable":true,"href":"https:\/\/naposta.org.ar\/index.php?rest_route=\/wp\/v2\/users\/1"}],"replies":[{"embeddable":true,"href":"https:\/\/naposta.org.ar\/index.php?rest_route=%2Fwp%2Fv2%2Fcomments&post=23"}],"version-history":[{"count":4,"href":"https:\/\/naposta.org.ar\/index.php?rest_route=\/wp\/v2\/pages\/23\/revisions"}],"predecessor-version":[{"id":33,"href":"https:\/\/naposta.org.ar\/index.php?rest_route=\/wp\/v2\/pages\/23\/revisions\/33"}],"wp:attachment":[{"href":"https:\/\/naposta.org.ar\/index.php?rest_route=%2Fwp%2Fv2%2Fmedia&parent=23"}],"curies":[{"name":"wp","href":"https:\/\/api.w.org\/{rel}","templated":true}]}}