{"id":34,"date":"2025-03-17T15:10:05","date_gmt":"2025-03-17T15:10:05","guid":{"rendered":"https:\/\/naposta.org.ar\/?page_id=34"},"modified":"2025-03-17T15:12:03","modified_gmt":"2025-03-17T15:12:03","slug":"relevamiento-planialtimetrico","status":"publish","type":"page","link":"https:\/\/naposta.org.ar\/?page_id=34","title":{"rendered":"Relevamiento Planialtimetrico"},"content":{"rendered":"\t\t<div data-elementor-type=\"wp-page\" data-elementor-id=\"34\" class=\"elementor elementor-34\">\n\t\t\t\t<div class=\"elementor-element elementor-element-945eb32 e-flex e-con-boxed e-con e-parent\" data-id=\"945eb32\" data-element_type=\"container\">\n\t\t\t\t\t<div class=\"e-con-inner\">\n\t\t\t\t<div class=\"elementor-element elementor-element-979c1a4 elementor-widget elementor-widget-text-editor\" data-id=\"979c1a4\" data-element_type=\"widget\" data-widget_type=\"text-editor.default\">\n\t\t\t\t<div class=\"elementor-widget-container\">\n\t\t\t\t\t\t\t\t\t<p>Se confeccion\u00f3 el plano de curvas de nivel del \u00e1rea, en el cual se demarcan las mismas con un equidistancia (diferencias altim\u00e9tricas entre si) de 1 metro. Para la realizaci\u00f3n del mismo, se tomo como referencia el punto fijo IGM N\u00ba 36 del Instituto Geogr\u00e1fico Militar, y como punto auxiliar se consider\u00f3 el punto fijo N\u00ba 75 del ferrocarril Roca v\u00eda La Madrid.<\/p><p>Una de las caracter\u00edsticas principales del sector consiste en una sobre elevaci\u00f3n producto del relleno que se realiz\u00f3 para el emplazamiento del hipermercado Wal Mart, con material extra\u00eddo de sus inmediaciones.<\/p><p>Para visualizar estas variaciones de nivel, se confeccion\u00f3 una maqueta digital, en la cual se aprecia con mayor claridad la gran irregularidad altim\u00e9trica y la conformaci\u00f3n del valle del arroyo Napost\u00e1, as\u00ed como la variaci\u00f3n de las pendientes del terreno.<\/p>\t\t\t\t\t\t\t\t<\/div>\n\t\t\t\t<\/div>\n\t\t\t\t\t<\/div>\n\t\t\t\t<\/div>\n\t\t<div class=\"elementor-element elementor-element-86d2b30 e-flex e-con-boxed e-con e-parent\" data-id=\"86d2b30\" data-element_type=\"container\">\n\t\t\t\t\t<div class=\"e-con-inner\">\n\t\t<div class=\"elementor-element elementor-element-be8b215 e-con-full e-flex e-con e-child\" data-id=\"be8b215\" data-element_type=\"container\">\n\t\t\t\t<div class=\"elementor-element elementor-element-d87b9b0 elementor-widget elementor-widget-image\" data-id=\"d87b9b0\" data-element_type=\"widget\" data-widget_type=\"image.default\">\n\t\t\t\t<div class=\"elementor-widget-container\">\n\t\t\t\t\t\t\t\t\t\t\t\t\t\t\t<img fetchpriority=\"high\" decoding=\"async\" width=\"269\" height=\"209\" src=\"https:\/\/naposta.org.ar\/wp-content\/uploads\/2025\/03\/Relevamiento.gif\" class=\"attachment-large size-large wp-image-36\" alt=\"\" \/>\t\t\t\t\t\t\t\t\t\t\t\t\t\t\t<\/div>\n\t\t\t\t<\/div>\n\t\t\t\t<\/div>\n\t\t<div class=\"elementor-element elementor-element-41b264f e-con-full e-flex e-con e-child\" data-id=\"41b264f\" data-element_type=\"container\">\n\t\t\t\t<div class=\"elementor-element elementor-element-9973d66 elementor-widget elementor-widget-image\" data-id=\"9973d66\" data-element_type=\"widget\" data-widget_type=\"image.default\">\n\t\t\t\t<div class=\"elementor-widget-container\">\n\t\t\t\t\t\t\t\t\t\t\t\t\t\t\t<img decoding=\"async\" width=\"314\" height=\"212\" src=\"https:\/\/naposta.org.ar\/wp-content\/uploads\/2025\/03\/Relevamiento1.gif\" class=\"attachment-large size-large wp-image-37\" alt=\"\" \/>\t\t\t\t\t\t\t\t\t\t\t\t\t\t\t<\/div>\n\t\t\t\t<\/div>\n\t\t\t\t<\/div>\n\t\t<div class=\"elementor-element elementor-element-a84394a e-con-full e-flex e-con e-child\" data-id=\"a84394a\" data-element_type=\"container\">\n\t\t\t\t<div class=\"elementor-element elementor-element-f6716d3 elementor-widget elementor-widget-image\" data-id=\"f6716d3\" data-element_type=\"widget\" data-widget_type=\"image.default\">\n\t\t\t\t<div class=\"elementor-widget-container\">\n\t\t\t\t\t\t\t\t\t\t\t\t\t\t\t<img decoding=\"async\" width=\"357\" height=\"234\" src=\"https:\/\/naposta.org.ar\/wp-content\/uploads\/2025\/03\/Relevamiento2.gif\" class=\"attachment-large size-large wp-image-38\" alt=\"\" \/>\t\t\t\t\t\t\t\t\t\t\t\t\t\t\t<\/div>\n\t\t\t\t<\/div>\n\t\t\t\t<\/div>\n\t\t<div class=\"elementor-element elementor-element-0f4311c e-con-full e-flex e-con e-child\" data-id=\"0f4311c\" data-element_type=\"container\">\n\t\t\t\t<\/div>\n\t\t<div class=\"elementor-element elementor-element-28ddb71 e-con-full e-flex e-con e-child\" data-id=\"28ddb71\" data-element_type=\"container\">\n\t\t\t\t<\/div>\n\t\t<div class=\"elementor-element elementor-element-757ff2a e-con-full e-flex e-con e-child\" data-id=\"757ff2a\" data-element_type=\"container\">\n\t\t\t\t<\/div>\n\t\t\t\t\t<\/div>\n\t\t\t\t<\/div>\n\t\t\t\t<\/div>\n\t\t","protected":false},"excerpt":{"rendered":"<p>Se confeccion\u00f3 el plano de curvas de nivel del \u00e1rea, en el cual se demarcan las mismas con un equidistancia [&hellip;]<\/p>\n","protected":false},"author":1,"featured_media":0,"parent":0,"menu_order":0,"comment_status":"closed","ping_status":"closed","template":"","meta":{"site-sidebar-layout":"no-sidebar","site-content-layout":"","ast-site-content-layout":"full-width-container","site-content-style":"default","site-sidebar-style":"default","ast-global-header-display":"","ast-banner-title-visibility":"","ast-main-header-display":"","ast-hfb-above-header-display":"","ast-hfb-below-header-display":"","ast-hfb-mobile-header-display":"","site-post-title":"disabled","ast-breadcrumbs-content":"","ast-featured-img":"disabled","footer-sml-layout":"","theme-transparent-header-meta":"","adv-header-id-meta":"","stick-header-meta":"","header-above-stick-meta":"","header-main-stick-meta":"","header-below-stick-meta":"","astra-migrate-meta-layouts":"default","ast-page-background-enabled":"default","ast-page-background-meta":{"desktop":{"background-color":"var(--ast-global-color-5)","background-image":"","background-repeat":"repeat","background-position":"center center","background-size":"auto","background-attachment":"scroll","background-type":"","background-media":"","overlay-type":"","overlay-color":"","overlay-opacity":"","overlay-gradient":""},"tablet":{"background-color":"","background-image":"","background-repeat":"repeat","background-position":"center center","background-size":"auto","background-attachment":"scroll","background-type":"","background-media":"","overlay-type":"","overlay-color":"","overlay-opacity":"","overlay-gradient":""},"mobile":{"background-color":"","background-image":"","background-repeat":"repeat","background-position":"center center","background-size":"auto","background-attachment":"scroll","background-type":"","background-media":"","overlay-type":"","overlay-color":"","overlay-opacity":"","overlay-gradient":""}},"ast-content-background-meta":{"desktop":{"background-color":"var(--ast-global-color-4)","background-image":"","background-repeat":"repeat","background-position":"center center","background-size":"auto","background-attachment":"scroll","background-type":"","background-media":"","overlay-type":"","overlay-color":"","overlay-opacity":"","overlay-gradient":""},"tablet":{"background-color":"var(--ast-global-color-4)","background-image":"","background-repeat":"repeat","background-position":"center center","background-size":"auto","background-attachment":"scroll","background-type":"","background-media":"","overlay-type":"","overlay-color":"","overlay-opacity":"","overlay-gradient":""},"mobile":{"background-color":"var(--ast-global-color-4)","background-image":"","background-repeat":"repeat","background-position":"center center","background-size":"auto","background-attachment":"scroll","background-type":"","background-media":"","overlay-type":"","overlay-color":"","overlay-opacity":"","overlay-gradient":""}},"footnotes":""},"class_list":["post-34","page","type-page","status-publish","hentry"],"_links":{"self":[{"href":"https:\/\/naposta.org.ar\/index.php?rest_route=\/wp\/v2\/pages\/34","targetHints":{"allow":["GET"]}}],"collection":[{"href":"https:\/\/naposta.org.ar\/index.php?rest_route=\/wp\/v2\/pages"}],"about":[{"href":"https:\/\/naposta.org.ar\/index.php?rest_route=\/wp\/v2\/types\/page"}],"author":[{"embeddable":true,"href":"https:\/\/naposta.org.ar\/index.php?rest_route=\/wp\/v2\/users\/1"}],"replies":[{"embeddable":true,"href":"https:\/\/naposta.org.ar\/index.php?rest_route=%2Fwp%2Fv2%2Fcomments&post=34"}],"version-history":[{"count":4,"href":"https:\/\/naposta.org.ar\/index.php?rest_route=\/wp\/v2\/pages\/34\/revisions"}],"predecessor-version":[{"id":41,"href":"https:\/\/naposta.org.ar\/index.php?rest_route=\/wp\/v2\/pages\/34\/revisions\/41"}],"wp:attachment":[{"href":"https:\/\/naposta.org.ar\/index.php?rest_route=%2Fwp%2Fv2%2Fmedia&parent=34"}],"curies":[{"name":"wp","href":"https:\/\/api.w.org\/{rel}","templated":true}]}}