{"id":58,"date":"2025-03-17T15:23:20","date_gmt":"2025-03-17T15:23:20","guid":{"rendered":"https:\/\/naposta.org.ar\/?page_id=58"},"modified":"2025-03-17T15:26:00","modified_gmt":"2025-03-17T15:26:00","slug":"determinacion-de-la-zona-inundable","status":"publish","type":"page","link":"https:\/\/naposta.org.ar\/?page_id=58","title":{"rendered":"Determinacion de la Zona Inundable"},"content":{"rendered":"\t\t<div data-elementor-type=\"wp-page\" data-elementor-id=\"58\" class=\"elementor elementor-58\">\n\t\t\t\t<div class=\"elementor-element elementor-element-b9e6f04 e-flex e-con-boxed e-con e-parent\" data-id=\"b9e6f04\" data-element_type=\"container\">\n\t\t\t\t\t<div class=\"e-con-inner\">\n\t\t\t\t<div class=\"elementor-element elementor-element-1cc007f elementor-widget elementor-widget-text-editor\" data-id=\"1cc007f\" data-element_type=\"widget\" data-widget_type=\"text-editor.default\">\n\t\t\t\t<div class=\"elementor-widget-container\">\n\t\t\t\t\t\t\t\t\t<p><strong><em>L\u00ednea de m\u00e1xima inundaci\u00f3n<\/em><\/strong><\/p><p>Siendo el prop\u00f3sito primordial establecer la zona inundable dentro del \u00e1rea estudiada, se consult\u00f3 a los lugare\u00f1os con el prop\u00f3sito de recavar antecedentes de inundaciones de a\u00f1os anteriores.<\/p><p>Con este tipo de informaci\u00f3n y teniendo en cuenta las cotas de algunos puntos trascendentes como \u201cPuente Camino Circunvalaci\u00f3n\u201d, Puente \u201cPaso Vanoli\u201d, casas quinta ubicadas sobre Florida al 3000 y la vivienda del encargado del predio del Club Liniers, se determin\u00f3 la pendiente de escurrimiento del agua para, posteriormente demarcar la l\u00ednea de m\u00e1xima inundaci\u00f3n.<\/p>\t\t\t\t\t\t\t\t<\/div>\n\t\t\t\t<\/div>\n\t\t\t\t\t<\/div>\n\t\t\t\t<\/div>\n\t\t<div class=\"elementor-element elementor-element-a67d811 e-flex e-con-boxed e-con e-parent\" data-id=\"a67d811\" data-element_type=\"container\">\n\t\t\t\t\t<div class=\"e-con-inner\">\n\t\t\t\t<div class=\"elementor-element elementor-element-90ba71a elementor-widget elementor-widget-image\" data-id=\"90ba71a\" data-element_type=\"widget\" data-widget_type=\"image.default\">\n\t\t\t\t<div class=\"elementor-widget-container\">\n\t\t\t\t\t\t\t\t\t\t\t\t\t\t\t<img fetchpriority=\"high\" decoding=\"async\" width=\"895\" height=\"437\" src=\"https:\/\/naposta.org.ar\/wp-content\/uploads\/2025\/03\/zonainundable1.png\" class=\"attachment-large size-large wp-image-60\" alt=\"\" srcset=\"https:\/\/naposta.org.ar\/wp-content\/uploads\/2025\/03\/zonainundable1.png 895w, https:\/\/naposta.org.ar\/wp-content\/uploads\/2025\/03\/zonainundable1-300x146.png 300w, https:\/\/naposta.org.ar\/wp-content\/uploads\/2025\/03\/zonainundable1-768x375.png 768w\" sizes=\"(max-width: 895px) 100vw, 895px\" \/>\t\t\t\t\t\t\t\t\t\t\t\t\t\t\t<\/div>\n\t\t\t\t<\/div>\n\t\t\t\t\t<\/div>\n\t\t\t\t<\/div>\n\t\t<div class=\"elementor-element elementor-element-950c6c1 e-flex e-con-boxed e-con e-parent\" data-id=\"950c6c1\" data-element_type=\"container\">\n\t\t\t\t\t<div class=\"e-con-inner\">\n\t\t\t\t<div class=\"elementor-element elementor-element-d96edd7 elementor-widget elementor-widget-text-editor\" data-id=\"d96edd7\" data-element_type=\"widget\" data-widget_type=\"text-editor.default\">\n\t\t\t\t<div class=\"elementor-widget-container\">\n\t\t\t\t\t\t\t\t\t<p><strong><em>L\u00ednea de Ribera<\/em><\/strong><\/p><p>Seg\u00fan lo establecido en el C\u00f3digo de Aguas, la l\u00ednea de Ribera queda demarcada, en este caso a cien metros m\u00ednimo del margen superior del cauce del arroyo hacia ambos lados.<\/p>\t\t\t\t\t\t\t\t<\/div>\n\t\t\t\t<\/div>\n\t\t\t\t\t<\/div>\n\t\t\t\t<\/div>\n\t\t<div class=\"elementor-element elementor-element-9551a2b e-flex e-con-boxed e-con e-parent\" data-id=\"9551a2b\" data-element_type=\"container\">\n\t\t\t\t\t<div class=\"e-con-inner\">\n\t\t\t\t<div class=\"elementor-element elementor-element-32e9d0f elementor-widget elementor-widget-image\" data-id=\"32e9d0f\" data-element_type=\"widget\" data-widget_type=\"image.default\">\n\t\t\t\t<div class=\"elementor-widget-container\">\n\t\t\t\t\t\t\t\t\t\t\t\t\t\t\t<img decoding=\"async\" width=\"898\" height=\"433\" src=\"https:\/\/naposta.org.ar\/wp-content\/uploads\/2025\/03\/zonainundable2.png\" class=\"attachment-large size-large wp-image-61\" alt=\"\" srcset=\"https:\/\/naposta.org.ar\/wp-content\/uploads\/2025\/03\/zonainundable2.png 898w, https:\/\/naposta.org.ar\/wp-content\/uploads\/2025\/03\/zonainundable2-300x145.png 300w, https:\/\/naposta.org.ar\/wp-content\/uploads\/2025\/03\/zonainundable2-768x370.png 768w\" sizes=\"(max-width: 898px) 100vw, 898px\" \/>\t\t\t\t\t\t\t\t\t\t\t\t\t\t\t<\/div>\n\t\t\t\t<\/div>\n\t\t\t\t\t<\/div>\n\t\t\t\t<\/div>\n\t\t\t\t<\/div>\n\t\t","protected":false},"excerpt":{"rendered":"<p>L\u00ednea de m\u00e1xima inundaci\u00f3n Siendo el prop\u00f3sito primordial establecer la zona inundable dentro del \u00e1rea estudiada, se consult\u00f3 a los [&hellip;]<\/p>\n","protected":false},"author":1,"featured_media":0,"parent":0,"menu_order":0,"comment_status":"closed","ping_status":"closed","template":"","meta":{"site-sidebar-layout":"no-sidebar","site-content-layout":"","ast-site-content-layout":"full-width-container","site-content-style":"default","site-sidebar-style":"default","ast-global-header-display":"","ast-banner-title-visibility":"","ast-main-header-display":"","ast-hfb-above-header-display":"","ast-hfb-below-header-display":"","ast-hfb-mobile-header-display":"","site-post-title":"disabled","ast-breadcrumbs-content":"","ast-featured-img":"disabled","footer-sml-layout":"","theme-transparent-header-meta":"","adv-header-id-meta":"","stick-header-meta":"","header-above-stick-meta":"","header-main-stick-meta":"","header-below-stick-meta":"","astra-migrate-meta-layouts":"default","ast-page-background-enabled":"default","ast-page-background-meta":{"desktop":{"background-color":"var(--ast-global-color-5)","background-image":"","background-repeat":"repeat","background-position":"center center","background-size":"auto","background-attachment":"scroll","background-type":"","background-media":"","overlay-type":"","overlay-color":"","overlay-opacity":"","overlay-gradient":""},"tablet":{"background-color":"","background-image":"","background-repeat":"repeat","background-position":"center center","background-size":"auto","background-attachment":"scroll","background-type":"","background-media":"","overlay-type":"","overlay-color":"","overlay-opacity":"","overlay-gradient":""},"mobile":{"background-color":"","background-image":"","background-repeat":"repeat","background-position":"center center","background-size":"auto","background-attachment":"scroll","background-type":"","background-media":"","overlay-type":"","overlay-color":"","overlay-opacity":"","overlay-gradient":""}},"ast-content-background-meta":{"desktop":{"background-color":"var(--ast-global-color-4)","background-image":"","background-repeat":"repeat","background-position":"center center","background-size":"auto","background-attachment":"scroll","background-type":"","background-media":"","overlay-type":"","overlay-color":"","overlay-opacity":"","overlay-gradient":""},"tablet":{"background-color":"var(--ast-global-color-4)","background-image":"","background-repeat":"repeat","background-position":"center center","background-size":"auto","background-attachment":"scroll","background-type":"","background-media":"","overlay-type":"","overlay-color":"","overlay-opacity":"","overlay-gradient":""},"mobile":{"background-color":"var(--ast-global-color-4)","background-image":"","background-repeat":"repeat","background-position":"center center","background-size":"auto","background-attachment":"scroll","background-type":"","background-media":"","overlay-type":"","overlay-color":"","overlay-opacity":"","overlay-gradient":""}},"footnotes":""},"class_list":["post-58","page","type-page","status-publish","hentry"],"_links":{"self":[{"href":"https:\/\/naposta.org.ar\/index.php?rest_route=\/wp\/v2\/pages\/58","targetHints":{"allow":["GET"]}}],"collection":[{"href":"https:\/\/naposta.org.ar\/index.php?rest_route=\/wp\/v2\/pages"}],"about":[{"href":"https:\/\/naposta.org.ar\/index.php?rest_route=\/wp\/v2\/types\/page"}],"author":[{"embeddable":true,"href":"https:\/\/naposta.org.ar\/index.php?rest_route=\/wp\/v2\/users\/1"}],"replies":[{"embeddable":true,"href":"https:\/\/naposta.org.ar\/index.php?rest_route=%2Fwp%2Fv2%2Fcomments&post=58"}],"version-history":[{"count":4,"href":"https:\/\/naposta.org.ar\/index.php?rest_route=\/wp\/v2\/pages\/58\/revisions"}],"predecessor-version":[{"id":64,"href":"https:\/\/naposta.org.ar\/index.php?rest_route=\/wp\/v2\/pages\/58\/revisions\/64"}],"wp:attachment":[{"href":"https:\/\/naposta.org.ar\/index.php?rest_route=%2Fwp%2Fv2%2Fmedia&parent=58"}],"curies":[{"name":"wp","href":"https:\/\/api.w.org\/{rel}","templated":true}]}}