{"id":71,"date":"2025-03-17T15:31:15","date_gmt":"2025-03-17T15:31:15","guid":{"rendered":"https:\/\/naposta.org.ar\/?page_id=71"},"modified":"2025-03-17T15:33:02","modified_gmt":"2025-03-17T15:33:02","slug":"algunas-propuestas","status":"publish","type":"page","link":"https:\/\/naposta.org.ar\/?page_id=71","title":{"rendered":"Algunas propuestas"},"content":{"rendered":"\t\t<div data-elementor-type=\"wp-page\" data-elementor-id=\"71\" class=\"elementor elementor-71\">\n\t\t\t\t<div class=\"elementor-element elementor-element-10bac78 e-flex e-con-boxed e-con e-parent\" data-id=\"10bac78\" data-element_type=\"container\">\n\t\t\t\t\t<div class=\"e-con-inner\">\n\t\t\t\t<div class=\"elementor-element elementor-element-54cccf6 elementor-widget elementor-widget-text-editor\" data-id=\"54cccf6\" data-element_type=\"widget\" data-widget_type=\"text-editor.default\">\n\t\t\t\t<div class=\"elementor-widget-container\">\n\t\t\t\t\t\t\t\t\t<p><strong><em>Parque Inundable<\/em><\/strong><\/p><p>El lugar elegido para la instalaci\u00f3n de este parque es un sector actualmente propiedad de la U.N.S, que est\u00e1 en v\u00edas de ser cedido a la MBB. Se encuantra entre las calles Payro y Ciudad de Cali.<\/p><p>La soluci\u00f3n de Parque Inundable se basa en el escurrimiento superficial de las aguas, combinando el arroyo a cielo abierto con lagos artificiales. El principio b\u00e1sico de funcionamiento es que cuando el cauce del arroyo sobrepase su capacidad, comience a inundar el parque y los complejos que lo rodean, evitando de este modo la llegada del agua a la ciudad donde causar\u00eda el anegamiento de la misma, generando trastornos y p\u00e9rdidas materiales.<\/p><p>Empleando la tecnolog\u00eda de gaviones se realizar\u00edan azudes para la formaci\u00f3n de dos lagos. Se trabaja con elementos caracter\u00edsticos de un parque, como sendas; bancos; canteros; equipamiento de plaza; miradores, adem\u00e1s de trabajar con la forestaci\u00f3n al incorporar nuevos ejemplares de especies aut\u00f3ctonas y otras que no lo son.<\/p>\t\t\t\t\t\t\t\t<\/div>\n\t\t\t\t<\/div>\n\t\t\t\t\t<\/div>\n\t\t\t\t<\/div>\n\t\t<div class=\"elementor-element elementor-element-dd0f83f e-flex e-con-boxed e-con e-parent\" data-id=\"dd0f83f\" data-element_type=\"container\">\n\t\t\t\t\t<div class=\"e-con-inner\">\n\t\t<div class=\"elementor-element elementor-element-78ad11e e-con-full e-flex e-con e-child\" data-id=\"78ad11e\" data-element_type=\"container\">\n\t\t\t\t<div class=\"elementor-element elementor-element-6791955 elementor-widget elementor-widget-image\" data-id=\"6791955\" data-element_type=\"widget\" data-widget_type=\"image.default\">\n\t\t\t\t<div class=\"elementor-widget-container\">\n\t\t\t\t\t\t\t\t\t\t\t\t\t\t\t<img fetchpriority=\"high\" decoding=\"async\" width=\"297\" height=\"223\" src=\"https:\/\/naposta.org.ar\/wp-content\/uploads\/2025\/03\/propuestas1.jpg\" class=\"attachment-large size-large wp-image-73\" alt=\"\" \/>\t\t\t\t\t\t\t\t\t\t\t\t\t\t\t<\/div>\n\t\t\t\t<\/div>\n\t\t\t\t<\/div>\n\t\t<div class=\"elementor-element elementor-element-41d6a5c e-con-full e-flex e-con e-child\" data-id=\"41d6a5c\" data-element_type=\"container\">\n\t\t\t\t<div class=\"elementor-element elementor-element-358bdf5 elementor-widget elementor-widget-image\" data-id=\"358bdf5\" data-element_type=\"widget\" data-widget_type=\"image.default\">\n\t\t\t\t<div class=\"elementor-widget-container\">\n\t\t\t\t\t\t\t\t\t\t\t\t\t\t\t<img decoding=\"async\" width=\"350\" height=\"220\" src=\"https:\/\/naposta.org.ar\/wp-content\/uploads\/2025\/03\/propuestas2.gif\" class=\"attachment-large size-large wp-image-74\" alt=\"\" \/>\t\t\t\t\t\t\t\t\t\t\t\t\t\t\t<\/div>\n\t\t\t\t<\/div>\n\t\t\t\t<\/div>\n\t\t\t\t\t<\/div>\n\t\t\t\t<\/div>\n\t\t\t\t<\/div>\n\t\t","protected":false},"excerpt":{"rendered":"<p>Parque Inundable El lugar elegido para la instalaci\u00f3n de este parque es un sector actualmente propiedad de la U.N.S, que [&hellip;]<\/p>\n","protected":false},"author":1,"featured_media":0,"parent":0,"menu_order":0,"comment_status":"closed","ping_status":"closed","template":"","meta":{"site-sidebar-layout":"no-sidebar","site-content-layout":"","ast-site-content-layout":"full-width-container","site-content-style":"default","site-sidebar-style":"default","ast-global-header-display":"","ast-banner-title-visibility":"","ast-main-header-display":"","ast-hfb-above-header-display":"","ast-hfb-below-header-display":"","ast-hfb-mobile-header-display":"","site-post-title":"disabled","ast-breadcrumbs-content":"","ast-featured-img":"disabled","footer-sml-layout":"","theme-transparent-header-meta":"","adv-header-id-meta":"","stick-header-meta":"","header-above-stick-meta":"","header-main-stick-meta":"","header-below-stick-meta":"","astra-migrate-meta-layouts":"default","ast-page-background-enabled":"default","ast-page-background-meta":{"desktop":{"background-color":"var(--ast-global-color-5)","background-image":"","background-repeat":"repeat","background-position":"center center","background-size":"auto","background-attachment":"scroll","background-type":"","background-media":"","overlay-type":"","overlay-color":"","overlay-opacity":"","overlay-gradient":""},"tablet":{"background-color":"","background-image":"","background-repeat":"repeat","background-position":"center center","background-size":"auto","background-attachment":"scroll","background-type":"","background-media":"","overlay-type":"","overlay-color":"","overlay-opacity":"","overlay-gradient":""},"mobile":{"background-color":"","background-image":"","background-repeat":"repeat","background-position":"center center","background-size":"auto","background-attachment":"scroll","background-type":"","background-media":"","overlay-type":"","overlay-color":"","overlay-opacity":"","overlay-gradient":""}},"ast-content-background-meta":{"desktop":{"background-color":"var(--ast-global-color-4)","background-image":"","background-repeat":"repeat","background-position":"center center","background-size":"auto","background-attachment":"scroll","background-type":"","background-media":"","overlay-type":"","overlay-color":"","overlay-opacity":"","overlay-gradient":""},"tablet":{"background-color":"var(--ast-global-color-4)","background-image":"","background-repeat":"repeat","background-position":"center center","background-size":"auto","background-attachment":"scroll","background-type":"","background-media":"","overlay-type":"","overlay-color":"","overlay-opacity":"","overlay-gradient":""},"mobile":{"background-color":"var(--ast-global-color-4)","background-image":"","background-repeat":"repeat","background-position":"center center","background-size":"auto","background-attachment":"scroll","background-type":"","background-media":"","overlay-type":"","overlay-color":"","overlay-opacity":"","overlay-gradient":""}},"footnotes":""},"class_list":["post-71","page","type-page","status-publish","hentry"],"_links":{"self":[{"href":"https:\/\/naposta.org.ar\/index.php?rest_route=\/wp\/v2\/pages\/71","targetHints":{"allow":["GET"]}}],"collection":[{"href":"https:\/\/naposta.org.ar\/index.php?rest_route=\/wp\/v2\/pages"}],"about":[{"href":"https:\/\/naposta.org.ar\/index.php?rest_route=\/wp\/v2\/types\/page"}],"author":[{"embeddable":true,"href":"https:\/\/naposta.org.ar\/index.php?rest_route=\/wp\/v2\/users\/1"}],"replies":[{"embeddable":true,"href":"https:\/\/naposta.org.ar\/index.php?rest_route=%2Fwp%2Fv2%2Fcomments&post=71"}],"version-history":[{"count":4,"href":"https:\/\/naposta.org.ar\/index.php?rest_route=\/wp\/v2\/pages\/71\/revisions"}],"predecessor-version":[{"id":77,"href":"https:\/\/naposta.org.ar\/index.php?rest_route=\/wp\/v2\/pages\/71\/revisions\/77"}],"wp:attachment":[{"href":"https:\/\/naposta.org.ar\/index.php?rest_route=%2Fwp%2Fv2%2Fmedia&parent=71"}],"curies":[{"name":"wp","href":"https:\/\/api.w.org\/{rel}","templated":true}]}}