{"id":95,"date":"2025-03-18T16:25:13","date_gmt":"2025-03-18T16:25:13","guid":{"rendered":"https:\/\/naposta.org.ar\/?page_id=95"},"modified":"2025-03-18T16:25:48","modified_gmt":"2025-03-18T16:25:48","slug":"el-arroyo-naposta","status":"publish","type":"page","link":"https:\/\/naposta.org.ar\/","title":{"rendered":"El Arroyo Napost\u00e1"},"content":{"rendered":"\t\t<div data-elementor-type=\"wp-page\" data-elementor-id=\"95\" class=\"elementor elementor-95\">\n\t\t\t\t<div class=\"elementor-element elementor-element-822edea e-flex e-con-boxed e-con e-parent\" data-id=\"822edea\" data-element_type=\"container\">\n\t\t\t\t\t<div class=\"e-con-inner\">\n\t\t\t\t<div class=\"elementor-element elementor-element-d5007fd elementor-widget elementor-widget-text-editor\" data-id=\"d5007fd\" data-element_type=\"widget\" data-widget_type=\"text-editor.default\">\n\t\t\t\t<div class=\"elementor-widget-container\">\n\t\t\t\t\t\t\t\t\t<p><img fetchpriority=\"high\" decoding=\"async\" class=\"size-medium wp-image-98 alignleft\" src=\"https:\/\/naposta.org.ar\/wp-content\/uploads\/2025\/03\/naposta2-300x223.jpg\" alt=\"\" width=\"300\" height=\"223\" srcset=\"https:\/\/naposta.org.ar\/wp-content\/uploads\/2025\/03\/naposta2-300x223.jpg 300w, https:\/\/naposta.org.ar\/wp-content\/uploads\/2025\/03\/naposta2.jpg 498w\" sizes=\"(max-width: 300px) 100vw, 300px\" \/>El hombre ha estado en contacto con la naturaleza desde hace miles de a\u00f1os, solo en los \u00faltimos siglos modific\u00f3 su habitat al punto de estar casi aislado de ella. La mayor parte de nosotros pasa d\u00edas sin ver algo tan sencillo como el horizonte; las estrellas se vuelven imperceptibles gracias a la contaminaci\u00f3n lum\u00ednica&#8230; Sin embargo cada vez que podemos tratamos de volver a ella. El sonido del mar, el canto de un arroyo, los aromas de un bosque o incluso el paseo por zonas parquizadas producen una sensaci\u00f3n dificil de encontrar en nuestro diario vivir.<\/p><p>Hay ciudades donde la naturaleza ha sido poco ben\u00e9vola, pero este no es el caso de Bah\u00eda Blanca. Bah\u00eda tiene la fortuna de contar con arroyos y estuario que no siempre han sido bien valorados. El arroyo Napost\u00e1 ha sido entubado en gran parte de su trayecto y el Maldonado ha sido canalizado para evitar las inundaciones. Gran parte de los proyectos realizados y algunos de los que se pensaban llevar a cabo han ca\u00eddo en el abandono, otros no tuvieron en cuenta la naturaleza propia del arroyo.<\/p>\t\t\t\t\t\t\t\t<\/div>\n\t\t\t\t<\/div>\n\t\t\t\t\t<\/div>\n\t\t\t\t<\/div>\n\t\t<div class=\"elementor-element elementor-element-0f76ca3 e-flex e-con-boxed e-con e-parent\" data-id=\"0f76ca3\" data-element_type=\"container\">\n\t\t\t\t\t<div class=\"e-con-inner\">\n\t\t\t\t<div class=\"elementor-element elementor-element-fb3ffad elementor-widget elementor-widget-text-editor\" data-id=\"fb3ffad\" data-element_type=\"widget\" data-widget_type=\"text-editor.default\">\n\t\t\t\t<div class=\"elementor-widget-container\">\n\t\t\t\t\t\t\t\t\t<p><img decoding=\"async\" class=\"size-medium wp-image-97 alignright\" src=\"https:\/\/naposta.org.ar\/wp-content\/uploads\/2025\/03\/naposta1-300x223.jpeg\" alt=\"\" width=\"300\" height=\"223\" srcset=\"https:\/\/naposta.org.ar\/wp-content\/uploads\/2025\/03\/naposta1-300x223.jpeg 300w, https:\/\/naposta.org.ar\/wp-content\/uploads\/2025\/03\/naposta1.jpeg 498w\" sizes=\"(max-width: 300px) 100vw, 300px\" \/>A partir de un estudio promovido desde el proyecto CapWEM, de la Facultad Regional Bah\u00eda Blanca de la UTN se busca dar a conocer y compartir con la sociedad un conjunto de proyectos tendientes a revertir esta situaci\u00f3n y revalorizar las distintas zonas en que el arroyo Napost\u00e1 se vincula con la dinamica urbana de la ciudad. Nuestra esperanza es ser el impulso motor que ponga en marcha los mecanismos sociales que desemboquen en la valorizaci\u00f3n de este espacio.<\/p><p>(En las fotos de este art\u00edculo se realizaron montajes)<\/p>\t\t\t\t\t\t\t\t<\/div>\n\t\t\t\t<\/div>\n\t\t\t\t\t<\/div>\n\t\t\t\t<\/div>\n\t\t\t\t<\/div>\n\t\t","protected":false},"excerpt":{"rendered":"<p>El hombre ha estado en contacto con la naturaleza desde hace miles de a\u00f1os, solo en los \u00faltimos siglos modific\u00f3 [&hellip;]<\/p>\n","protected":false},"author":1,"featured_media":0,"parent":0,"menu_order":0,"comment_status":"closed","ping_status":"closed","template":"","meta":{"site-sidebar-layout":"no-sidebar","site-content-layout":"","ast-site-content-layout":"full-width-container","site-content-style":"default","site-sidebar-style":"default","ast-global-header-display":"","ast-banner-title-visibility":"","ast-main-header-display":"","ast-hfb-above-header-display":"","ast-hfb-below-header-display":"","ast-hfb-mobile-header-display":"","site-post-title":"disabled","ast-breadcrumbs-content":"","ast-featured-img":"disabled","footer-sml-layout":"","theme-transparent-header-meta":"","adv-header-id-meta":"","stick-header-meta":"","header-above-stick-meta":"","header-main-stick-meta":"","header-below-stick-meta":"","astra-migrate-meta-layouts":"default","ast-page-background-enabled":"default","ast-page-background-meta":{"desktop":{"background-color":"var(--ast-global-color-5)","background-image":"","background-repeat":"repeat","background-position":"center center","background-size":"auto","background-attachment":"scroll","background-type":"","background-media":"","overlay-type":"","overlay-color":"","overlay-opacity":"","overlay-gradient":""},"tablet":{"background-color":"","background-image":"","background-repeat":"repeat","background-position":"center center","background-size":"auto","background-attachment":"scroll","background-type":"","background-media":"","overlay-type":"","overlay-color":"","overlay-opacity":"","overlay-gradient":""},"mobile":{"background-color":"","background-image":"","background-repeat":"repeat","background-position":"center center","background-size":"auto","background-attachment":"scroll","background-type":"","background-media":"","overlay-type":"","overlay-color":"","overlay-opacity":"","overlay-gradient":""}},"ast-content-background-meta":{"desktop":{"background-color":"var(--ast-global-color-4)","background-image":"","background-repeat":"repeat","background-position":"center center","background-size":"auto","background-attachment":"scroll","background-type":"","background-media":"","overlay-type":"","overlay-color":"","overlay-opacity":"","overlay-gradient":""},"tablet":{"background-color":"var(--ast-global-color-4)","background-image":"","background-repeat":"repeat","background-position":"center center","background-size":"auto","background-attachment":"scroll","background-type":"","background-media":"","overlay-type":"","overlay-color":"","overlay-opacity":"","overlay-gradient":""},"mobile":{"background-color":"var(--ast-global-color-4)","background-image":"","background-repeat":"repeat","background-position":"center center","background-size":"auto","background-attachment":"scroll","background-type":"","background-media":"","overlay-type":"","overlay-color":"","overlay-opacity":"","overlay-gradient":""}},"footnotes":""},"class_list":["post-95","page","type-page","status-publish","hentry"],"_links":{"self":[{"href":"https:\/\/naposta.org.ar\/index.php?rest_route=\/wp\/v2\/pages\/95","targetHints":{"allow":["GET"]}}],"collection":[{"href":"https:\/\/naposta.org.ar\/index.php?rest_route=\/wp\/v2\/pages"}],"about":[{"href":"https:\/\/naposta.org.ar\/index.php?rest_route=\/wp\/v2\/types\/page"}],"author":[{"embeddable":true,"href":"https:\/\/naposta.org.ar\/index.php?rest_route=\/wp\/v2\/users\/1"}],"replies":[{"embeddable":true,"href":"https:\/\/naposta.org.ar\/index.php?rest_route=%2Fwp%2Fv2%2Fcomments&post=95"}],"version-history":[{"count":4,"href":"https:\/\/naposta.org.ar\/index.php?rest_route=\/wp\/v2\/pages\/95\/revisions"}],"predecessor-version":[{"id":101,"href":"https:\/\/naposta.org.ar\/index.php?rest_route=\/wp\/v2\/pages\/95\/revisions\/101"}],"wp:attachment":[{"href":"https:\/\/naposta.org.ar\/index.php?rest_route=%2Fwp%2Fv2%2Fmedia&parent=95"}],"curies":[{"name":"wp","href":"https:\/\/api.w.org\/{rel}","templated":true}]}}